{"id":1258,"date":"2023-03-06T13:57:44","date_gmt":"2023-03-06T16:57:44","guid":{"rendered":"https:\/\/neaf.com.br\/?page_id=1258"},"modified":"2023-03-08T11:36:41","modified_gmt":"2023-03-08T14:36:41","slug":"cadastro-de-interesse-apostila-tj-sp-2023","status":"publish","type":"page","link":"https:\/\/neaf.com.br\/?page_id=1258","title":{"rendered":"Cadastro de Interesse &#8211; Apostila TJ SP 2023"},"content":{"rendered":"\t\t<div data-elementor-type=\"wp-page\" data-elementor-id=\"1258\" class=\"elementor elementor-1258\">\n\t\t\t\t\t\t<section class=\"elementor-section elementor-top-section elementor-element elementor-element-f3f43df elementor-section-boxed elementor-section-height-default elementor-section-height-default\" data-id=\"f3f43df\" data-element_type=\"section\" data-e-type=\"section\">\n\t\t\t\t\t\t\t<div class=\"elementor-background-overlay\"><\/div>\n\t\t\t\t\t\t\t<div class=\"elementor-container elementor-column-gap-default\">\n\t\t\t\t\t<div class=\"elementor-column elementor-col-100 elementor-top-column elementor-element elementor-element-2906b16\" data-id=\"2906b16\" data-element_type=\"column\" data-e-type=\"column\">\n\t\t\t<div class=\"elementor-widget-wrap elementor-element-populated\">\n\t\t\t\t\t\t<div class=\"elementor-element elementor-element-aa9fa13 elementor-widget elementor-widget-video\" data-id=\"aa9fa13\" data-element_type=\"widget\" data-e-type=\"widget\" data-settings=\"{&quot;youtube_url&quot;:&quot;https:\\\/\\\/www.youtube.com\\\/watch?v=THmJdK51FIc&quot;,&quot;autoplay&quot;:&quot;yes&quot;,&quot;lazy_load&quot;:&quot;yes&quot;,&quot;start&quot;:731,&quot;video_type&quot;:&quot;youtube&quot;,&quot;controls&quot;:&quot;yes&quot;}\" data-widget_type=\"video.default\">\n\t\t\t\t<div class=\"elementor-widget-container\">\n\t\t\t\t\t\t\t<div class=\"elementor-wrapper elementor-open-inline\">\n\t\t\t<div class=\"elementor-video\"><\/div>\t\t<\/div>\n\t\t\t\t\t\t<\/div>\n\t\t\t\t<\/div>\n\t\t\t\t\t<\/div>\n\t\t<\/div>\n\t\t\t\t\t<\/div>\n\t\t<\/section>\n\t\t\t\t<section class=\"elementor-section elementor-top-section elementor-element elementor-element-816f38d elementor-section-boxed elementor-section-height-default elementor-section-height-default\" data-id=\"816f38d\" data-element_type=\"section\" data-e-type=\"section\">\n\t\t\t\t\t\t<div class=\"elementor-container elementor-column-gap-default\">\n\t\t\t\t\t<div class=\"elementor-column elementor-col-100 elementor-top-column elementor-element elementor-element-2511ba3\" data-id=\"2511ba3\" data-element_type=\"column\" data-e-type=\"column\">\n\t\t\t<div class=\"elementor-widget-wrap\">\n\t\t\t\t\t\t\t<\/div>\n\t\t<\/div>\n\t\t\t\t\t<\/div>\n\t\t<\/section>\n\t\t\t\t<section class=\"elementor-section elementor-top-section elementor-element elementor-element-525929b4 elementor-section-height-min-height elementor-section-boxed elementor-section-height-default elementor-section-items-middle\" data-id=\"525929b4\" data-element_type=\"section\" data-e-type=\"section\" data-settings=\"{&quot;background_background&quot;:&quot;classic&quot;}\">\n\t\t\t\t\t\t<div class=\"elementor-container elementor-column-gap-default\">\n\t\t\t\t\t<div class=\"elementor-column elementor-col-50 elementor-top-column elementor-element elementor-element-51145a6b\" data-id=\"51145a6b\" data-element_type=\"column\" data-e-type=\"column\">\n\t\t\t<div class=\"elementor-widget-wrap elementor-element-populated\">\n\t\t\t\t\t\t<div class=\"elementor-element elementor-element-13dc9760 elementor-widget elementor-widget-text-editor\" data-id=\"13dc9760\" data-element_type=\"widget\" data-e-type=\"widget\" data-widget_type=\"text-editor.default\">\n\t\t\t\t<div class=\"elementor-widget-container\">\n\t\t\t\t\t\t\t\t\t<p><span style=\"color: #ffff00;\">Lan\u00e7ada<\/span>\u00a0a nova Apostila para o <span style=\"color: #ffff00;\">Concurso do TJ SP 2023<\/span> para Escreventes T\u00e9cnicos Judici\u00e1rios <span style=\"color: #ffff00;\">frete para todo o Brasil.<\/span><\/p>\t\t\t\t\t\t\t\t<\/div>\n\t\t\t\t<\/div>\n\t\t\t\t<div class=\"elementor-element elementor-element-58bc8cb7 elementor-widget elementor-widget-text-editor\" data-id=\"58bc8cb7\" data-element_type=\"widget\" data-e-type=\"widget\" data-widget_type=\"text-editor.default\">\n\t\t\t\t<div class=\"elementor-widget-container\">\n\t\t\t\t\t\t\t\t\t<p><strong>O que preparamos para voc\u00ea?<\/strong><br \/>Este material contempla as mat\u00e9rias de Direito.<br \/>Conte\u00fado atualizado e linguagem acess\u00edvel, a apostila traz as mat\u00e9rias de Direito Penal, Direito Processual Penal, Direito Processual Civil, Direito Constitucional, Direito Administrativo, Normas da Corregedoria do Tribunal de Justi\u00e7a de S\u00e3o Paulo e Estatuto da Pessoa com Defici\u00eancia (Lei n\u00ba 13.146 de 2015). A apostila cont\u00e9m tabelas de prazos, edital sistematizado e um planner de estudos<\/p>\t\t\t\t\t\t\t\t<\/div>\n\t\t\t\t<\/div>\n\t\t\t\t\t<\/div>\n\t\t<\/div>\n\t\t\t\t<div class=\"elementor-column elementor-col-50 elementor-top-column elementor-element elementor-element-1136f05e\" data-id=\"1136f05e\" data-element_type=\"column\" data-e-type=\"column\">\n\t\t\t<div class=\"elementor-widget-wrap elementor-element-populated\">\n\t\t\t\t\t\t<div class=\"elementor-element elementor-element-18e428d elementor-widget elementor-widget-image\" data-id=\"18e428d\" data-element_type=\"widget\" data-e-type=\"widget\" data-widget_type=\"image.default\">\n\t\t\t\t<div class=\"elementor-widget-container\">\n\t\t\t\t\t\t\t\t\t\t\t\t\t\t\t<img fetchpriority=\"high\" decoding=\"async\" width=\"768\" height=\"1115\" src=\"https:\/\/neaf.com.br\/wp-content\/uploads\/2023\/03\/tjsp-2023-direitos-capa-768x1115.jpg\" class=\"attachment-medium_large size-medium_large wp-image-1289\" alt=\"\" srcset=\"https:\/\/neaf.com.br\/wp-content\/uploads\/2023\/03\/tjsp-2023-direitos-capa-768x1115.jpg 768w, https:\/\/neaf.com.br\/wp-content\/uploads\/2023\/03\/tjsp-2023-direitos-capa-207x300.jpg 207w, https:\/\/neaf.com.br\/wp-content\/uploads\/2023\/03\/tjsp-2023-direitos-capa-705x1024.jpg 705w, https:\/\/neaf.com.br\/wp-content\/uploads\/2023\/03\/tjsp-2023-direitos-capa.jpg 867w\" sizes=\"(max-width: 768px) 100vw, 768px\" \/>\t\t\t\t\t\t\t\t\t\t\t\t\t\t\t<\/div>\n\t\t\t\t<\/div>\n\t\t\t\t\t<\/div>\n\t\t<\/div>\n\t\t\t\t\t<\/div>\n\t\t<\/section>\n\t\t\t\t<section class=\"elementor-section elementor-top-section elementor-element elementor-element-553efe31 elementor-section-boxed elementor-section-height-default elementor-section-height-default\" data-id=\"553efe31\" data-element_type=\"section\" data-e-type=\"section\" data-settings=\"{&quot;background_background&quot;:&quot;classic&quot;}\">\n\t\t\t\t\t\t<div class=\"elementor-container elementor-column-gap-default\">\n\t\t\t\t\t<div class=\"elementor-column elementor-col-100 elementor-top-column elementor-element elementor-element-8890d64\" data-id=\"8890d64\" data-element_type=\"column\" data-e-type=\"column\">\n\t\t\t<div class=\"elementor-widget-wrap elementor-element-populated\">\n\t\t\t\t\t\t<div class=\"elementor-element elementor-element-0f41439 elementor-align-center elementor-invisible elementor-widget elementor-widget-button\" data-id=\"0f41439\" data-element_type=\"widget\" data-e-type=\"widget\" data-settings=\"{&quot;_animation&quot;:&quot;bounceIn&quot;}\" data-widget_type=\"button.default\">\n\t\t\t\t<div class=\"elementor-widget-container\">\n\t\t\t\t\t\t\t\t\t<div class=\"elementor-button-wrapper\">\n\t\t\t\t\t<a class=\"elementor-button elementor-button-link elementor-size-lg\" href=\"https:\/\/www.neafconcursos.com.br\/produtos\/category\/tribunal-de-justica\/apostilas-tj_11\/\" target=\"_blank\">\n\t\t\t\t\t\t<span class=\"elementor-button-content-wrapper\">\n\t\t\t\t\t\t\t\t\t<span class=\"elementor-button-text\">COMPRAR MEU EXEMPLAR AGORA<\/span>\n\t\t\t\t\t<\/span>\n\t\t\t\t\t<\/a>\n\t\t\t\t<\/div>\n\t\t\t\t\t\t\t\t<\/div>\n\t\t\t\t<\/div>\n\t\t\t\t\t<\/div>\n\t\t<\/div>\n\t\t\t\t\t<\/div>\n\t\t<\/section>\n\t\t\t\t<section class=\"elementor-section elementor-top-section elementor-element elementor-element-e217da9 elementor-section-boxed elementor-section-height-default elementor-section-height-default\" data-id=\"e217da9\" data-element_type=\"section\" data-e-type=\"section\" data-settings=\"{&quot;background_background&quot;:&quot;classic&quot;}\">\n\t\t\t\t\t\t<div class=\"elementor-container elementor-column-gap-default\">\n\t\t\t\t\t<div class=\"elementor-column elementor-col-100 elementor-top-column elementor-element elementor-element-c244133\" data-id=\"c244133\" data-element_type=\"column\" data-e-type=\"column\">\n\t\t\t<div class=\"elementor-widget-wrap elementor-element-populated\">\n\t\t\t\t\t\t<div class=\"elementor-element elementor-element-d1d9e5e elementor-widget__width-inherit elementor-widget elementor-widget-text-editor\" data-id=\"d1d9e5e\" data-element_type=\"widget\" data-e-type=\"widget\" data-widget_type=\"text-editor.default\">\n\t\t\t\t<div class=\"elementor-widget-container\">\n\t\t\t\t\t\t\t\t\t<p><span style=\"color: #ffffff;\">\u00a9 2023 NEAF Editora de Livros e Apostilas para Concursos \u2013 CNPJ: 20.975.374\/0001-30 \u2013 Todos os direitos reservados<\/span><\/p>\t\t\t\t\t\t\t\t<\/div>\n\t\t\t\t<\/div>\n\t\t\t\t\t<\/div>\n\t\t<\/div>\n\t\t\t\t\t<\/div>\n\t\t<\/section>\n\t\t\t\t<\/div>\n\t\t","protected":false},"excerpt":{"rendered":"<p>https:\/\/www.youtube.com\/watch?v=THmJdK51FIc Lan\u00e7ada\u00a0a nova Apostila para o Concurso do TJ SP 2023 para Escreventes T\u00e9cnicos Judici\u00e1rios frete para todo o Brasil. O que preparamos para voc\u00ea?Este material contempla as mat\u00e9rias de Direito.Conte\u00fado atualizado e linguagem acess\u00edvel, a apostila traz as mat\u00e9rias de Direito Penal, Direito Processual Penal, Direito Processual Civil, Direito Constitucional, Direito Administrativo, Normas da [&hellip;]<\/p>\n","protected":false},"author":1,"featured_media":0,"parent":0,"menu_order":0,"comment_status":"closed","ping_status":"closed","template":"elementor_canvas","meta":{"footnotes":""},"class_list":["post-1258","page","type-page","status-publish","hentry"],"yoast_head":"<!-- This site is optimized with the Yoast SEO plugin v27.2 - https:\/\/yoast.com\/product\/yoast-seo-wordpress\/ -->\n<title>Cadastro de Interesse - Apostila TJ SP 2023 - NEAF<\/title>\n<meta name=\"robots\" content=\"index, follow, max-snippet:-1, max-image-preview:large, max-video-preview:-1\" \/>\n<link rel=\"canonical\" href=\"https:\/\/neaf.com.br\/?page_id=1258\" \/>\n<meta property=\"og:locale\" content=\"pt_BR\" \/>\n<meta property=\"og:type\" content=\"article\" \/>\n<meta property=\"og:title\" content=\"Cadastro de Interesse - Apostila TJ SP 2023 - NEAF\" \/>\n<meta property=\"og:description\" content=\"https:\/\/www.youtube.com\/watch?v=THmJdK51FIc Lan\u00e7ada\u00a0a nova Apostila para o Concurso do TJ SP 2023 para Escreventes T\u00e9cnicos Judici\u00e1rios frete para todo o Brasil. O que preparamos para voc\u00ea?Este material contempla as mat\u00e9rias de Direito.Conte\u00fado atualizado e linguagem acess\u00edvel, a apostila traz as mat\u00e9rias de Direito Penal, Direito Processual Penal, Direito Processual Civil, Direito Constitucional, Direito Administrativo, Normas da [&hellip;]\" \/>\n<meta property=\"og:url\" content=\"https:\/\/neaf.com.br\/?page_id=1258\" \/>\n<meta property=\"og:site_name\" content=\"NEAF\" \/>\n<meta property=\"article:modified_time\" content=\"2023-03-08T14:36:41+00:00\" \/>\n<meta property=\"og:image\" content=\"https:\/\/neaf.com.br\/wp-content\/uploads\/2023\/03\/tjsp-2023-direitos-capa-768x1115.jpg\" \/>\n<meta name=\"twitter:card\" content=\"summary_large_image\" \/>\n<meta name=\"twitter:label1\" content=\"Est. tempo de leitura\" \/>\n\t<meta name=\"twitter:data1\" content=\"1 minuto\" \/>\n<script type=\"application\/ld+json\" class=\"yoast-schema-graph\">{\"@context\":\"https:\/\/schema.org\",\"@graph\":[{\"@type\":\"WebPage\",\"@id\":\"https:\/\/neaf.com.br\/?page_id=1258\",\"url\":\"https:\/\/neaf.com.br\/?page_id=1258\",\"name\":\"Cadastro de Interesse - Apostila TJ SP 2023 - NEAF\",\"isPartOf\":{\"@id\":\"https:\/\/neaf.com.br\/#website\"},\"primaryImageOfPage\":{\"@id\":\"https:\/\/neaf.com.br\/?page_id=1258#primaryimage\"},\"image\":{\"@id\":\"https:\/\/neaf.com.br\/?page_id=1258#primaryimage\"},\"thumbnailUrl\":\"https:\/\/neaf.com.br\/wp-content\/uploads\/2023\/03\/tjsp-2023-direitos-capa-768x1115.jpg\",\"datePublished\":\"2023-03-06T16:57:44+00:00\",\"dateModified\":\"2023-03-08T14:36:41+00:00\",\"breadcrumb\":{\"@id\":\"https:\/\/neaf.com.br\/?page_id=1258#breadcrumb\"},\"inLanguage\":\"pt-BR\",\"potentialAction\":[{\"@type\":\"ReadAction\",\"target\":[\"https:\/\/neaf.com.br\/?page_id=1258\"]}]},{\"@type\":\"ImageObject\",\"inLanguage\":\"pt-BR\",\"@id\":\"https:\/\/neaf.com.br\/?page_id=1258#primaryimage\",\"url\":\"https:\/\/neaf.com.br\/wp-content\/uploads\/2023\/03\/tjsp-2023-direitos-capa.jpg\",\"contentUrl\":\"https:\/\/neaf.com.br\/wp-content\/uploads\/2023\/03\/tjsp-2023-direitos-capa.jpg\",\"width\":867,\"height\":1259},{\"@type\":\"BreadcrumbList\",\"@id\":\"https:\/\/neaf.com.br\/?page_id=1258#breadcrumb\",\"itemListElement\":[{\"@type\":\"ListItem\",\"position\":1,\"name\":\"In\u00edcio\",\"item\":\"https:\/\/neaf.com.br\/\"},{\"@type\":\"ListItem\",\"position\":2,\"name\":\"Cadastro de Interesse &#8211; Apostila TJ SP 2023\"}]},{\"@type\":\"WebSite\",\"@id\":\"https:\/\/neaf.com.br\/#website\",\"url\":\"https:\/\/neaf.com.br\/\",\"name\":\"NEAF\",\"description\":\"Escola preparat\u00f3ria para Concursos P\u00fablicos.\",\"potentialAction\":[{\"@type\":\"SearchAction\",\"target\":{\"@type\":\"EntryPoint\",\"urlTemplate\":\"https:\/\/neaf.com.br\/?s={search_term_string}\"},\"query-input\":{\"@type\":\"PropertyValueSpecification\",\"valueRequired\":true,\"valueName\":\"search_term_string\"}}],\"inLanguage\":\"pt-BR\"}]}<\/script>\n<!-- \/ Yoast SEO plugin. -->","yoast_head_json":{"title":"Cadastro de Interesse - Apostila TJ SP 2023 - NEAF","robots":{"index":"index","follow":"follow","max-snippet":"max-snippet:-1","max-image-preview":"max-image-preview:large","max-video-preview":"max-video-preview:-1"},"canonical":"https:\/\/neaf.com.br\/?page_id=1258","og_locale":"pt_BR","og_type":"article","og_title":"Cadastro de Interesse - Apostila TJ SP 2023 - NEAF","og_description":"https:\/\/www.youtube.com\/watch?v=THmJdK51FIc Lan\u00e7ada\u00a0a nova Apostila para o Concurso do TJ SP 2023 para Escreventes T\u00e9cnicos Judici\u00e1rios frete para todo o Brasil. O que preparamos para voc\u00ea?Este material contempla as mat\u00e9rias de Direito.Conte\u00fado atualizado e linguagem acess\u00edvel, a apostila traz as mat\u00e9rias de Direito Penal, Direito Processual Penal, Direito Processual Civil, Direito Constitucional, Direito Administrativo, Normas da [&hellip;]","og_url":"https:\/\/neaf.com.br\/?page_id=1258","og_site_name":"NEAF","article_modified_time":"2023-03-08T14:36:41+00:00","og_image":[{"url":"https:\/\/neaf.com.br\/wp-content\/uploads\/2023\/03\/tjsp-2023-direitos-capa-768x1115.jpg","type":"","width":"","height":""}],"twitter_card":"summary_large_image","twitter_misc":{"Est. tempo de leitura":"1 minuto"},"schema":{"@context":"https:\/\/schema.org","@graph":[{"@type":"WebPage","@id":"https:\/\/neaf.com.br\/?page_id=1258","url":"https:\/\/neaf.com.br\/?page_id=1258","name":"Cadastro de Interesse - Apostila TJ SP 2023 - NEAF","isPartOf":{"@id":"https:\/\/neaf.com.br\/#website"},"primaryImageOfPage":{"@id":"https:\/\/neaf.com.br\/?page_id=1258#primaryimage"},"image":{"@id":"https:\/\/neaf.com.br\/?page_id=1258#primaryimage"},"thumbnailUrl":"https:\/\/neaf.com.br\/wp-content\/uploads\/2023\/03\/tjsp-2023-direitos-capa-768x1115.jpg","datePublished":"2023-03-06T16:57:44+00:00","dateModified":"2023-03-08T14:36:41+00:00","breadcrumb":{"@id":"https:\/\/neaf.com.br\/?page_id=1258#breadcrumb"},"inLanguage":"pt-BR","potentialAction":[{"@type":"ReadAction","target":["https:\/\/neaf.com.br\/?page_id=1258"]}]},{"@type":"ImageObject","inLanguage":"pt-BR","@id":"https:\/\/neaf.com.br\/?page_id=1258#primaryimage","url":"https:\/\/neaf.com.br\/wp-content\/uploads\/2023\/03\/tjsp-2023-direitos-capa.jpg","contentUrl":"https:\/\/neaf.com.br\/wp-content\/uploads\/2023\/03\/tjsp-2023-direitos-capa.jpg","width":867,"height":1259},{"@type":"BreadcrumbList","@id":"https:\/\/neaf.com.br\/?page_id=1258#breadcrumb","itemListElement":[{"@type":"ListItem","position":1,"name":"In\u00edcio","item":"https:\/\/neaf.com.br\/"},{"@type":"ListItem","position":2,"name":"Cadastro de Interesse &#8211; Apostila TJ SP 2023"}]},{"@type":"WebSite","@id":"https:\/\/neaf.com.br\/#website","url":"https:\/\/neaf.com.br\/","name":"NEAF","description":"Escola preparat\u00f3ria para Concursos P\u00fablicos.","potentialAction":[{"@type":"SearchAction","target":{"@type":"EntryPoint","urlTemplate":"https:\/\/neaf.com.br\/?s={search_term_string}"},"query-input":{"@type":"PropertyValueSpecification","valueRequired":true,"valueName":"search_term_string"}}],"inLanguage":"pt-BR"}]}},"_links":{"self":[{"href":"https:\/\/neaf.com.br\/index.php?rest_route=\/wp\/v2\/pages\/1258","targetHints":{"allow":["GET"]}}],"collection":[{"href":"https:\/\/neaf.com.br\/index.php?rest_route=\/wp\/v2\/pages"}],"about":[{"href":"https:\/\/neaf.com.br\/index.php?rest_route=\/wp\/v2\/types\/page"}],"author":[{"embeddable":true,"href":"https:\/\/neaf.com.br\/index.php?rest_route=\/wp\/v2\/users\/1"}],"replies":[{"embeddable":true,"href":"https:\/\/neaf.com.br\/index.php?rest_route=%2Fwp%2Fv2%2Fcomments&post=1258"}],"version-history":[{"count":64,"href":"https:\/\/neaf.com.br\/index.php?rest_route=\/wp\/v2\/pages\/1258\/revisions"}],"predecessor-version":[{"id":1328,"href":"https:\/\/neaf.com.br\/index.php?rest_route=\/wp\/v2\/pages\/1258\/revisions\/1328"}],"wp:attachment":[{"href":"https:\/\/neaf.com.br\/index.php?rest_route=%2Fwp%2Fv2%2Fmedia&parent=1258"}],"curies":[{"name":"wp","href":"https:\/\/api.w.org\/{rel}","templated":true}]}}